{"id":418,"date":"2025-03-05T10:11:19","date_gmt":"2025-03-05T09:11:19","guid":{"rendered":"https:\/\/slidici.cz\/?page_id=418"},"modified":"2025-03-05T10:15:22","modified_gmt":"2025-03-05T09:15:22","slug":"kryti","status":"publish","type":"page","link":"https:\/\/slidici.cz\/index.php\/kryti\/","title":{"rendered":"Kryt\u00ed"},"content":{"rendered":"<style>.kadence-column418_f1bc26-54 > .kt-inside-inner-col,.kadence-column418_f1bc26-54 > .kt-inside-inner-col:before{border-top-left-radius:0px;border-top-right-radius:0px;border-bottom-right-radius:0px;border-bottom-left-radius:0px;}.kadence-column418_f1bc26-54 > .kt-inside-inner-col{column-gap:var(--global-kb-gap-sm, 1rem);}.kadence-column418_f1bc26-54 > .kt-inside-inner-col{flex-direction:column;}.kadence-column418_f1bc26-54 > .kt-inside-inner-col > .aligncenter{width:100%;}.kadence-column418_f1bc26-54 > .kt-inside-inner-col:before{opacity:0.3;}.kadence-column418_f1bc26-54{position:relative;}@media all and (max-width: 1024px){.kadence-column418_f1bc26-54 > .kt-inside-inner-col{flex-direction:column;justify-content:center;}}@media all and (max-width: 767px){.kadence-column418_f1bc26-54 > .kt-inside-inner-col{flex-direction:column;justify-content:center;}}<\/style>\n<div class=\"wp-block-kadence-column kadence-column418_f1bc26-54\"><div class=\"kt-inside-inner-col\"><style>.kadence-column418_85e603-f5 > .kt-inside-inner-col{padding-top:25px;}.kadence-column418_85e603-f5 > .kt-inside-inner-col,.kadence-column418_85e603-f5 > .kt-inside-inner-col:before{border-top-left-radius:0px;border-top-right-radius:0px;border-bottom-right-radius:0px;border-bottom-left-radius:0px;}.kadence-column418_85e603-f5 > .kt-inside-inner-col{column-gap:var(--global-kb-gap-sm, 1rem);}.kadence-column418_85e603-f5 > .kt-inside-inner-col{flex-direction:column;}.kadence-column418_85e603-f5 > .kt-inside-inner-col > .aligncenter{width:100%;}.kadence-column418_85e603-f5 > .kt-inside-inner-col:before{opacity:0.3;}.kadence-column418_85e603-f5{position:relative;}@media all and (max-width: 1024px){.kadence-column418_85e603-f5 > .kt-inside-inner-col{flex-direction:column;justify-content:center;}}@media all and (max-width: 767px){.kadence-column418_85e603-f5 > .kt-inside-inner-col{padding-right:25px;padding-left:25px;flex-direction:column;justify-content:center;}}<\/style>\n<div class=\"wp-block-kadence-column kadence-column418_85e603-f5\"><div class=\"kt-inside-inner-col\"><style>.kb-row-layout-id418_df164c-c1 > .kt-row-column-wrap{align-content:start;}:where(.kb-row-layout-id418_df164c-c1 > .kt-row-column-wrap) > .wp-block-kadence-column{justify-content:start;}.kb-row-layout-id418_df164c-c1 > .kt-row-column-wrap{column-gap:var(--global-kb-gap-md, 2rem);row-gap:var(--global-kb-gap-md, 2rem);max-width:var( --global-content-width, 1290px );padding-left:var(--global-content-edge-padding);padding-right:var(--global-content-edge-padding);padding-top:222px;padding-bottom:213px;grid-template-columns:minmax(0, 1fr);}.kb-row-layout-id418_df164c-c1{background-image:url('https:\/\/slidici.cz\/wp-content\/uploads\/2025\/02\/kolaz_final_bila7.webp');background-size:contain;background-position:center center;background-attachment:scroll;background-repeat:no-repeat;}.kb-row-layout-id418_df164c-c1 > .kt-row-layout-overlay{opacity:0.23;background:radial-gradient(ellipse at center center,rgba(255,255,255,0.11) 0%,var(--global-palette9) 73%);}@media all and (max-width: 1024px){.kb-row-layout-id418_df164c-c1 > .kt-row-column-wrap{grid-template-columns:minmax(0, 1fr);}}@media all and (max-width: 767px){.kb-row-layout-id418_df164c-c1 > .kt-row-column-wrap{padding-top:222px;padding-bottom:213px;grid-template-columns:minmax(0, 1fr);}.kb-row-layout-wrap.wp-block-kadence-rowlayout.kb-row-layout-id418_df164c-c1{background-image:url('https:\/\/slidici.cz\/wp-content\/uploads\/2025\/02\/kolaz_final_bila7.webp');background-size:cover;background-position:center center;background-attachment:scroll;background-repeat:no-repeat;}}<\/style><div class=\"kb-row-layout-wrap kb-row-layout-id418_df164c-c1 alignnone kt-row-has-bg wp-block-kadence-rowlayout\"><div class=\"kt-row-layout-overlay kt-row-overlay-gradient\"><\/div><div class=\"kt-row-column-wrap kt-has-1-columns kt-row-layout-equal kt-tab-layout-inherit kt-mobile-layout-row kt-row-valign-top kb-theme-content-width\">\n<style>.kadence-column418_6a6b48-a0 > .kt-inside-inner-col,.kadence-column418_6a6b48-a0 > .kt-inside-inner-col:before{border-top-left-radius:0px;border-top-right-radius:0px;border-bottom-right-radius:0px;border-bottom-left-radius:0px;}.kadence-column418_6a6b48-a0 > .kt-inside-inner-col{column-gap:var(--global-kb-gap-sm, 1rem);}.kadence-column418_6a6b48-a0 > .kt-inside-inner-col{flex-direction:column;}.kadence-column418_6a6b48-a0 > .kt-inside-inner-col > .aligncenter{width:100%;}.kadence-column418_6a6b48-a0 > .kt-inside-inner-col:before{opacity:0.3;}.kadence-column418_6a6b48-a0{position:relative;}@media all and (max-width: 1024px){.kadence-column418_6a6b48-a0 > .kt-inside-inner-col{flex-direction:column;justify-content:center;}}@media all and (max-width: 767px){.kadence-column418_6a6b48-a0 > .kt-inside-inner-col{flex-direction:column;justify-content:center;}}<\/style>\n<div class=\"wp-block-kadence-column kadence-column418_6a6b48-a0\"><div class=\"kt-inside-inner-col\"><style>.wp-block-kadence-advancedheading.kt-adv-heading418_75469d-46, .wp-block-kadence-advancedheading.kt-adv-heading418_75469d-46[data-kb-block=\"kb-adv-heading418_75469d-46\"]{text-align:center;font-size:77px;font-style:normal;}.wp-block-kadence-advancedheading.kt-adv-heading418_75469d-46 mark.kt-highlight, .wp-block-kadence-advancedheading.kt-adv-heading418_75469d-46[data-kb-block=\"kb-adv-heading418_75469d-46\"] mark.kt-highlight{font-style:normal;color:#f76a0c;-webkit-box-decoration-break:clone;box-decoration-break:clone;padding-top:0px;padding-right:0px;padding-bottom:0px;padding-left:0px;}.wp-block-kadence-advancedheading.kt-adv-heading418_75469d-46 img.kb-inline-image, .wp-block-kadence-advancedheading.kt-adv-heading418_75469d-46[data-kb-block=\"kb-adv-heading418_75469d-46\"] img.kb-inline-image{width:150px;vertical-align:baseline;}@media all and (max-width: 767px){.wp-block-kadence-advancedheading.kt-adv-heading418_75469d-46, .wp-block-kadence-advancedheading.kt-adv-heading418_75469d-46[data-kb-block=\"kb-adv-heading418_75469d-46\"]{font-size:40px;text-align:center!important;}}<\/style>\n<h1 class=\"kt-adv-heading418_75469d-46 wp-block-kadence-advancedheading has-theme-palette-9-color has-text-color\" data-kb-block=\"kb-adv-heading418_75469d-46\">Kryti<\/h1>\n<\/div><\/div>\n\n<\/div><\/div><\/div><\/div>\n<\/div><\/div>\n\n\n<style>.kb-row-layout-id418_834b97-29 > .kt-row-column-wrap{align-content:start;}:where(.kb-row-layout-id418_834b97-29 > .kt-row-column-wrap) > .wp-block-kadence-column{justify-content:start;}.kb-row-layout-id418_834b97-29 > .kt-row-column-wrap{column-gap:var(--global-kb-gap-md, 2rem);row-gap:var(--global-kb-gap-md, 2rem);max-width:var( --global-content-width, 1290px );padding-left:var(--global-content-edge-padding);padding-right:var(--global-content-edge-padding);padding-top:var(--global-kb-spacing-sm, 1.5rem);padding-bottom:var(--global-kb-spacing-sm, 1.5rem);grid-template-columns:minmax(0, 1fr);}.kb-row-layout-id418_834b97-29 > .kt-row-layout-overlay{opacity:0.30;}@media all and (max-width: 1024px){.kb-row-layout-id418_834b97-29 > .kt-row-column-wrap{grid-template-columns:minmax(0, 1fr);}}@media all and (max-width: 767px){.kb-row-layout-id418_834b97-29 > .kt-row-column-wrap{grid-template-columns:minmax(0, 1fr);}}<\/style><div class=\"kb-row-layout-wrap kb-row-layout-id418_834b97-29 alignnone wp-block-kadence-rowlayout\"><div class=\"kt-row-column-wrap kt-has-1-columns kt-row-layout-equal kt-tab-layout-inherit kt-mobile-layout-row kt-row-valign-top kb-theme-content-width\">\n<style>.kadence-column418_90873b-53 > .kt-inside-inner-col,.kadence-column418_90873b-53 > .kt-inside-inner-col:before{border-top-left-radius:0px;border-top-right-radius:0px;border-bottom-right-radius:0px;border-bottom-left-radius:0px;}.kadence-column418_90873b-53 > .kt-inside-inner-col{column-gap:var(--global-kb-gap-sm, 1rem);}.kadence-column418_90873b-53 > .kt-inside-inner-col{flex-direction:column;}.kadence-column418_90873b-53 > .kt-inside-inner-col > .aligncenter{width:100%;}.kadence-column418_90873b-53 > .kt-inside-inner-col:before{opacity:0.3;}.kadence-column418_90873b-53{position:relative;}@media all and (max-width: 1024px){.kadence-column418_90873b-53 > .kt-inside-inner-col{flex-direction:column;justify-content:center;}}@media all and (max-width: 767px){.kadence-column418_90873b-53 > .kt-inside-inner-col{flex-direction:column;justify-content:center;}}<\/style>\n<div class=\"wp-block-kadence-column kadence-column418_90873b-53\"><div class=\"kt-inside-inner-col\"><style>.wp-block-kadence-advancedheading.kt-adv-heading418_cb5f9e-cc, .wp-block-kadence-advancedheading.kt-adv-heading418_cb5f9e-cc[data-kb-block=\"kb-adv-heading418_cb5f9e-cc\"]{font-style:normal;}.wp-block-kadence-advancedheading.kt-adv-heading418_cb5f9e-cc mark.kt-highlight, .wp-block-kadence-advancedheading.kt-adv-heading418_cb5f9e-cc[data-kb-block=\"kb-adv-heading418_cb5f9e-cc\"] mark.kt-highlight{font-style:normal;color:#f76a0c;-webkit-box-decoration-break:clone;box-decoration-break:clone;padding-top:0px;padding-right:0px;padding-bottom:0px;padding-left:0px;}.wp-block-kadence-advancedheading.kt-adv-heading418_cb5f9e-cc img.kb-inline-image, .wp-block-kadence-advancedheading.kt-adv-heading418_cb5f9e-cc[data-kb-block=\"kb-adv-heading418_cb5f9e-cc\"] img.kb-inline-image{width:150px;vertical-align:baseline;}<\/style>\n<div class=\"kt-adv-heading418_cb5f9e-cc wp-block-kadence-advancedheading\" data-kb-block=\"kb-adv-heading418_cb5f9e-cc\"><strong>\u017d\u00c1DOST O VYSTAVEN\u00cd KRYC\u00cdHO LISTU, KRYT\u00cd, VRH<\/strong><br><strong>Vystaven\u00ed kryc\u00edho listu<\/strong> (Doporu\u010den\u00ed ke kryt\u00ed) \u017e\u00e1d\u00e1 majitel chovn\u00e9 feny p\u0159\u00edslu\u0161n\u00e9ho poradce chovu a pou\u017e\u00edv\u00e1 k tomu <strong>z\u00e1sadn\u011b KCHLS OFFICE<\/strong>.<br>\ud83d\udd39 <strong>\u017d\u00e1d\u00e1 se v\u00fdhradn\u011b ONLINE <a href=\"https:\/\/kchlsoffice.cz\">ZDE<\/a>!<\/strong><br><strong>Vystaven\u00ed Doporu\u010den\u00ed ke kryt\u00ed<\/strong> se \u017e\u00e1d\u00e1 <strong>s p\u0159edstihem<\/strong>, ve lh\u016ft\u011b vystaven\u00ed <strong>30 dn\u00ed<\/strong> je to zpoplatn\u011bno \u010d\u00e1stkou <strong>200,- K\u010d<\/strong>.<br>Pokud v\u00e1s fena <strong>h\u00e1r\u00e1n\u00edm p\u0159ekvapila<\/strong> a nem\u016f\u017eete \u010dekat, za\u017e\u00e1dejte se o vystaven\u00ed <strong>Expres<\/strong> \u2013 poplatek <strong>1 200,- K\u010d<\/strong>.<br><strong>Garantem za proveden\u00ed platby<\/strong> za vystaven\u00ed Doporu\u010den\u00ed ke kryt\u00ed je v\u017edy majitel chovn\u00e9 feny. Jak se dohodne s majitelem kryc\u00edho psa, je jejich <strong>soukromou z\u00e1le\u017eitost\u00ed<\/strong>.<br><strong>Kryc\u00ed list plat\u00ed 1 rok<\/strong> od data vystaven\u00ed. Po tomto datu <strong>pozb\u00fdv\u00e1 platnost<\/strong>.<br>\u2757 <strong>Nevyu\u017eit\u00e9 kryc\u00ed listy<\/strong> vra\u0165te po uplynut\u00ed platnosti <strong>p\u0159\u00edslu\u0161n\u00e9mu poradci chovu<\/strong>.<br><strong>Kryc\u00ed list<\/strong> se vystavuje <strong>pouze na jedince, kte\u0159\u00ed jsou ji\u017e uchovn\u011bni<\/strong>.<br><strong>Majitel chovn\u00e9 feny<\/strong> si m\u016f\u017ee <strong>navrhnout a\u017e 3 kryc\u00ed psy<\/strong>. Poradce chovu je zap\u00ed\u0161e do Doporu\u010den\u00ed ke kryt\u00ed v p\u0159\u00edpad\u011b, \u017ee jejich pou\u017eit\u00ed <strong>neodporuje z\u00e1sad\u00e1m zdrav\u00e9ho chovu<\/strong>.<br>Pokud si <strong>majitel s\u00e1m navrhuje kryc\u00ed psy<\/strong>, m\u011bl by b\u00fdt o mo\u017enosti jejich pou\u017eit\u00ed <strong>p\u0159edem dohodnut<\/strong> s jejich majitelem.<br>\ud83d\udd39 <strong>Majitel kryc\u00edho psa m\u016f\u017ee kryt\u00ed odm\u00edtnout!<\/strong><br><br><strong>Povinnosti chovatele po kryt\u00ed<\/strong><br>Po <strong>nakryt\u00ed<\/strong> je chovatel povinen <strong>do 8 dn\u016f<\/strong> zaslat <strong>jedno vypln\u011bn\u00e9 Doporu\u010den\u00ed ke kryt\u00ed<\/strong> p\u0159\u00edslu\u0161n\u00e9mu poradci chovu. <strong>Lze elektronicky<\/strong>.<br>Pokud fena <strong>nezab\u0159ezla<\/strong>, vyrozum\u00ed o tom <strong>nejpozd\u011bji do 75 dn\u016f<\/strong> od kryt\u00ed <strong>p\u00edsemn\u011b \u010di elektronicky<\/strong> poradce chovu.<br>Po <strong>porodu feny<\/strong> chovatel vypl\u0148uje <strong>tiskopis Hl\u00e1\u0161en\u00ed vrhu<\/strong>, kter\u00fd se <strong>do 10 dn\u016f<\/strong> odes\u00edl\u00e1 p\u0159\u00edslu\u0161n\u00e9mu poradci chovu a majiteli kryc\u00edho psa. <strong>Lze t\u00e9\u017e elektronicky<\/strong>.<br>Ve st\u00e1\u0159\u00ed vrhu, <strong>nejpozd\u011bji do 28 dn\u016f<\/strong>, chovatel vypln\u00ed <strong>P\u0159ihl\u00e1\u0161ku k z\u00e1pisu vrhu<\/strong> a ode\u0161le ji <strong>po\u0161tou<\/strong> na adresu:<br>\ud83d\udccd <strong>Plemenn\u00e1 kniha \u010cMKJ, Le\u0161ansk\u00e1 1176\/2a, 141 00 Praha 4 Chodov<\/strong><br>Jm\u00e9na \u0161t\u011b\u0148at <strong>v jednom vrhu mus\u00ed za\u010d\u00ednat stejn\u00fdm abecedn\u00edm p\u00edsmenem<\/strong> (A, B, C atd.).<br>Po\u0159ad\u00ed jmen na p\u0159ihl\u00e1\u0161ce: <strong>nejd\u0159\u00edve psi, pak feny<\/strong>.<br>Jm\u00e9na se \u0159ad\u00ed <strong>abecedn\u011b podle 2. p\u00edsmene ve jm\u00e9n\u011b<\/strong>.<br>P\u0159ihl\u00e1\u0161ka se ode\u0161le <strong>s origin\u00e1lem kryc\u00edho listu<\/strong> a <strong>u prvn\u00edho vrhu feny i s origin\u00e1lem PP<\/strong>.<br><strong>P\u0159ihl\u00e1\u0161ka k z\u00e1pisu vrhu<\/strong> je Plemennou knihou vr\u00e1cena zp\u011bt s <strong>uveden\u00edm \u010cLP<\/strong> na adresu chovatele.<br><strong>Ve v\u011bku 6 t\u00fddn\u016f<\/strong> chovatel zajist\u00ed <strong>\u010dipov\u00e1n\u00ed \u0161t\u011b\u0148at<\/strong> a <strong>od veterin\u00e1rn\u00edho l\u00e9ka\u0159e potvrzenou P\u0159ihl\u00e1\u0161ku k z\u00e1pisu vrhu<\/strong> ode\u0161le op\u011bt <strong>na adresu Plemenn\u00e9 knihy<\/strong> spolu s <strong>1 sadou \u0161t\u00edtk\u016f mikro\u010dip\u016f<\/strong>.<br>\ud83d\udccc Na z\u00e1klad\u011b t\u00e9to p\u0159ihl\u00e1\u0161ky budou \u0161t\u011b\u0148at\u016fm vystaveny <strong>PP<\/strong>, kter\u00e9 budou zasl\u00e1ny <strong>dob\u00edrkou<\/strong> na adresu chovatele vrhu.<br>Pokud v\u00e1\u0161 chovn\u00fd pes nebo fena z\u00edskaj\u00ed <strong>dal\u0161\u00ed ocen\u011bn\u00ed na v\u00fdstav\u00e1ch nebo zkou\u0161k\u00e1ch<\/strong>, je t\u0159eba <strong>toto dolo\u017eit na \u010cMKJ<\/strong>.<br>\ud83d\udd39 Jinak se tyto nov\u00e9 okolnosti <strong>nebudou zobrazovat v rodokmenech \u0161t\u011b\u0148at<\/strong>.<\/div>\n\n\n\n<p><\/p>\n\n\n<style>.wp-block-kadence-advancedheading.kt-adv-heading418_b103e0-2a, .wp-block-kadence-advancedheading.kt-adv-heading418_b103e0-2a[data-kb-block=\"kb-adv-heading418_b103e0-2a\"]{font-style:normal;}.wp-block-kadence-advancedheading.kt-adv-heading418_b103e0-2a mark.kt-highlight, .wp-block-kadence-advancedheading.kt-adv-heading418_b103e0-2a[data-kb-block=\"kb-adv-heading418_b103e0-2a\"] mark.kt-highlight{font-style:normal;color:#f76a0c;-webkit-box-decoration-break:clone;box-decoration-break:clone;padding-top:0px;padding-right:0px;padding-bottom:0px;padding-left:0px;}.wp-block-kadence-advancedheading.kt-adv-heading418_b103e0-2a img.kb-inline-image, .wp-block-kadence-advancedheading.kt-adv-heading418_b103e0-2a[data-kb-block=\"kb-adv-heading418_b103e0-2a\"] img.kb-inline-image{width:150px;vertical-align:baseline;}<\/style>\n<h6 class=\"kt-adv-heading418_b103e0-2a wp-block-kadence-advancedheading\" data-kb-block=\"kb-adv-heading418_b103e0-2a\"><strong>FORMUL\u00c1\u0158E KE STA\u017dEN\u00cd<\/strong><\/h6>\n\n\n<style>.wp-block-kadence-advancedheading.kt-adv-heading418_02b72c-d6, .wp-block-kadence-advancedheading.kt-adv-heading418_02b72c-d6[data-kb-block=\"kb-adv-heading418_02b72c-d6\"]{font-style:normal;}.wp-block-kadence-advancedheading.kt-adv-heading418_02b72c-d6 mark.kt-highlight, .wp-block-kadence-advancedheading.kt-adv-heading418_02b72c-d6[data-kb-block=\"kb-adv-heading418_02b72c-d6\"] mark.kt-highlight{font-style:normal;color:#f76a0c;-webkit-box-decoration-break:clone;box-decoration-break:clone;padding-top:0px;padding-right:0px;padding-bottom:0px;padding-left:0px;}.wp-block-kadence-advancedheading.kt-adv-heading418_02b72c-d6 img.kb-inline-image, .wp-block-kadence-advancedheading.kt-adv-heading418_02b72c-d6[data-kb-block=\"kb-adv-heading418_02b72c-d6\"] img.kb-inline-image{width:150px;vertical-align:baseline;}<\/style>\n<div class=\"kt-adv-heading418_02b72c-d6 wp-block-kadence-advancedheading\" data-kb-block=\"kb-adv-heading418_02b72c-d6\"><strong><a href=\"https:\/\/slidici.cz\/wp-content\/uploads\/2025\/03\/PREDTIS_prihlaska_zapisu_vrhu.doc\">P\u0159ihl\u00e1\u0161ka z\u00e1pisu vrhu<\/a><\/strong><\/div>\n\n\n\n<p><strong><a href=\"https:\/\/slidici.cz\/wp-content\/uploads\/2025\/03\/PREDTISK_hlaseni_vrhu.doc\">Hl\u00e1\u0161en\u00ed vrhu<\/a><\/strong><\/p>\n<\/div><\/div>\n\n<\/div><\/div>","protected":false},"excerpt":{"rendered":"<p>Kryti \u017d\u00c1DOST O VYSTAVEN\u00cd KRYC\u00cdHO LISTU, KRYT\u00cd, VRHVystaven\u00ed kryc\u00edho listu (Doporu\u010den\u00ed ke kryt\u00ed) \u017e\u00e1d\u00e1 majitel chovn\u00e9 feny p\u0159\u00edslu\u0161n\u00e9ho poradce chovu a pou\u017e\u00edv\u00e1 k tomu z\u00e1sadn\u011b KCHLS OFFICE.\ud83d\udd39 \u017d\u00e1d\u00e1 se v\u00fdhradn\u011b ONLINE ZDE!Vystaven\u00ed Doporu\u010den\u00ed ke kryt\u00ed se \u017e\u00e1d\u00e1 s p\u0159edstihem, ve lh\u016ft\u011b vystaven\u00ed 30 dn\u00ed je to zpoplatn\u011bno \u010d\u00e1stkou 200,- K\u010d.Pokud v\u00e1s fena h\u00e1r\u00e1n\u00edm p\u0159ekvapila a&#8230;<\/p>\n","protected":false},"author":1,"featured_media":0,"parent":0,"menu_order":0,"comment_status":"closed","ping_status":"closed","template":"","meta":{"_kadence_starter_templates_imported_post":false,"_kad_post_transparent":"","_kad_post_title":"","_kad_post_layout":"","_kad_post_sidebar_id":"","_kad_post_content_style":"","_kad_post_vertical_padding":"","_kad_post_feature":"","_kad_post_feature_position":"","_kad_post_header":false,"_kad_post_footer":false,"_kad_post_classname":"","footnotes":""},"class_list":["post-418","page","type-page","status-publish","hentry"],"_links":{"self":[{"href":"https:\/\/slidici.cz\/index.php\/wp-json\/wp\/v2\/pages\/418","targetHints":{"allow":["GET"]}}],"collection":[{"href":"https:\/\/slidici.cz\/index.php\/wp-json\/wp\/v2\/pages"}],"about":[{"href":"https:\/\/slidici.cz\/index.php\/wp-json\/wp\/v2\/types\/page"}],"author":[{"embeddable":true,"href":"https:\/\/slidici.cz\/index.php\/wp-json\/wp\/v2\/users\/1"}],"replies":[{"embeddable":true,"href":"https:\/\/slidici.cz\/index.php\/wp-json\/wp\/v2\/comments?post=418"}],"version-history":[{"count":3,"href":"https:\/\/slidici.cz\/index.php\/wp-json\/wp\/v2\/pages\/418\/revisions"}],"predecessor-version":[{"id":423,"href":"https:\/\/slidici.cz\/index.php\/wp-json\/wp\/v2\/pages\/418\/revisions\/423"}],"wp:attachment":[{"href":"https:\/\/slidici.cz\/index.php\/wp-json\/wp\/v2\/media?parent=418"}],"curies":[{"name":"wp","href":"https:\/\/api.w.org\/{rel}","templated":true}]}}