{"id":396,"date":"2025-03-05T09:07:00","date_gmt":"2025-03-05T08:07:00","guid":{"rendered":"https:\/\/slidici.cz\/?page_id=396"},"modified":"2026-01-06T18:08:08","modified_gmt":"2026-01-06T17:08:08","slug":"chov","status":"publish","type":"page","link":"https:\/\/slidici.cz\/index.php\/chov\/","title":{"rendered":"CHOV"},"content":{"rendered":"<style>.kadence-column396_ddafcf-eb > .kt-inside-inner-col,.kadence-column396_ddafcf-eb > .kt-inside-inner-col:before{border-top-left-radius:0px;border-top-right-radius:0px;border-bottom-right-radius:0px;border-bottom-left-radius:0px;}.kadence-column396_ddafcf-eb > .kt-inside-inner-col{column-gap:var(--global-kb-gap-sm, 1rem);}.kadence-column396_ddafcf-eb > .kt-inside-inner-col{flex-direction:column;}.kadence-column396_ddafcf-eb > .kt-inside-inner-col > .aligncenter{width:100%;}.kadence-column396_ddafcf-eb > .kt-inside-inner-col:before{opacity:0.3;}.kadence-column396_ddafcf-eb{position:relative;}@media all and (max-width: 1024px){.kadence-column396_ddafcf-eb > .kt-inside-inner-col{flex-direction:column;justify-content:center;}}@media all and (max-width: 767px){.kadence-column396_ddafcf-eb > .kt-inside-inner-col{flex-direction:column;justify-content:center;}}<\/style>\n<div class=\"wp-block-kadence-column kadence-column396_ddafcf-eb\"><div class=\"kt-inside-inner-col\"><style>.kadence-column396_5c2762-ac > .kt-inside-inner-col{padding-top:25px;}.kadence-column396_5c2762-ac > .kt-inside-inner-col,.kadence-column396_5c2762-ac > .kt-inside-inner-col:before{border-top-left-radius:0px;border-top-right-radius:0px;border-bottom-right-radius:0px;border-bottom-left-radius:0px;}.kadence-column396_5c2762-ac > .kt-inside-inner-col{column-gap:var(--global-kb-gap-sm, 1rem);}.kadence-column396_5c2762-ac > .kt-inside-inner-col{flex-direction:column;}.kadence-column396_5c2762-ac > .kt-inside-inner-col > .aligncenter{width:100%;}.kadence-column396_5c2762-ac > .kt-inside-inner-col:before{opacity:0.3;}.kadence-column396_5c2762-ac{position:relative;}@media all and (max-width: 1024px){.kadence-column396_5c2762-ac > .kt-inside-inner-col{flex-direction:column;justify-content:center;}}@media all and (max-width: 767px){.kadence-column396_5c2762-ac > .kt-inside-inner-col{padding-right:25px;padding-left:25px;flex-direction:column;justify-content:center;}}<\/style>\n<div class=\"wp-block-kadence-column kadence-column396_5c2762-ac\"><div class=\"kt-inside-inner-col\"><style>.kb-row-layout-id396_19a6b7-da > .kt-row-column-wrap{align-content:start;}:where(.kb-row-layout-id396_19a6b7-da > .kt-row-column-wrap) > .wp-block-kadence-column{justify-content:start;}.kb-row-layout-id396_19a6b7-da > .kt-row-column-wrap{column-gap:var(--global-kb-gap-md, 2rem);row-gap:var(--global-kb-gap-md, 2rem);max-width:var( --global-content-width, 1290px );padding-left:var(--global-content-edge-padding);padding-right:var(--global-content-edge-padding);padding-top:222px;padding-bottom:213px;grid-template-columns:minmax(0, 1fr);}.kb-row-layout-id396_19a6b7-da{background-image:url('https:\/\/slidici.cz\/wp-content\/uploads\/2025\/02\/kolaz_final_bila7.webp');background-size:contain;background-position:center center;background-attachment:scroll;background-repeat:no-repeat;}.kb-row-layout-id396_19a6b7-da > .kt-row-layout-overlay{opacity:0.23;background:radial-gradient(ellipse at center center,rgba(255,255,255,0.11) 0%,var(--global-palette9) 73%);}@media all and (max-width: 1024px){.kb-row-layout-id396_19a6b7-da > .kt-row-column-wrap{grid-template-columns:minmax(0, 1fr);}}@media all and (max-width: 767px){.kb-row-layout-id396_19a6b7-da > .kt-row-column-wrap{padding-top:222px;padding-bottom:213px;grid-template-columns:minmax(0, 1fr);}.kb-row-layout-wrap.wp-block-kadence-rowlayout.kb-row-layout-id396_19a6b7-da{background-image:url('https:\/\/slidici.cz\/wp-content\/uploads\/2025\/02\/kolaz_final_bila7.webp');background-size:cover;background-position:center center;background-attachment:scroll;background-repeat:no-repeat;}}<\/style><div class=\"kb-row-layout-wrap kb-row-layout-id396_19a6b7-da alignnone kt-row-has-bg wp-block-kadence-rowlayout\"><div class=\"kt-row-layout-overlay kt-row-overlay-gradient\"><\/div><div class=\"kt-row-column-wrap kt-has-1-columns kt-row-layout-equal kt-tab-layout-inherit kt-mobile-layout-row kt-row-valign-top kb-theme-content-width\">\n<style>.kadence-column396_ffbac5-94 > .kt-inside-inner-col,.kadence-column396_ffbac5-94 > .kt-inside-inner-col:before{border-top-left-radius:0px;border-top-right-radius:0px;border-bottom-right-radius:0px;border-bottom-left-radius:0px;}.kadence-column396_ffbac5-94 > .kt-inside-inner-col{column-gap:var(--global-kb-gap-sm, 1rem);}.kadence-column396_ffbac5-94 > .kt-inside-inner-col{flex-direction:column;}.kadence-column396_ffbac5-94 > .kt-inside-inner-col > .aligncenter{width:100%;}.kadence-column396_ffbac5-94 > .kt-inside-inner-col:before{opacity:0.3;}.kadence-column396_ffbac5-94{position:relative;}@media all and (max-width: 1024px){.kadence-column396_ffbac5-94 > .kt-inside-inner-col{flex-direction:column;justify-content:center;}}@media all and (max-width: 767px){.kadence-column396_ffbac5-94 > .kt-inside-inner-col{flex-direction:column;justify-content:center;}}<\/style>\n<div class=\"wp-block-kadence-column kadence-column396_ffbac5-94\"><div class=\"kt-inside-inner-col\"><style>.wp-block-kadence-advancedheading.kt-adv-heading396_178706-86, .wp-block-kadence-advancedheading.kt-adv-heading396_178706-86[data-kb-block=\"kb-adv-heading396_178706-86\"]{text-align:center;font-size:77px;font-style:normal;}.wp-block-kadence-advancedheading.kt-adv-heading396_178706-86 mark.kt-highlight, .wp-block-kadence-advancedheading.kt-adv-heading396_178706-86[data-kb-block=\"kb-adv-heading396_178706-86\"] mark.kt-highlight{font-style:normal;color:#f76a0c;-webkit-box-decoration-break:clone;box-decoration-break:clone;padding-top:0px;padding-right:0px;padding-bottom:0px;padding-left:0px;}.wp-block-kadence-advancedheading.kt-adv-heading396_178706-86 img.kb-inline-image, .wp-block-kadence-advancedheading.kt-adv-heading396_178706-86[data-kb-block=\"kb-adv-heading396_178706-86\"] img.kb-inline-image{width:150px;vertical-align:baseline;}@media all and (max-width: 767px){.wp-block-kadence-advancedheading.kt-adv-heading396_178706-86, .wp-block-kadence-advancedheading.kt-adv-heading396_178706-86[data-kb-block=\"kb-adv-heading396_178706-86\"]{font-size:40px;text-align:center!important;}}<\/style>\n<h1 class=\"kt-adv-heading396_178706-86 wp-block-kadence-advancedheading has-theme-palette-9-color has-text-color\" data-kb-block=\"kb-adv-heading396_178706-86\">Chov<\/h1>\n<\/div><\/div>\n\n<\/div><\/div><\/div><\/div>\n<\/div><\/div>\n\n\n<style>.kb-row-layout-id396_1899dd-e6 > .kt-row-column-wrap{align-content:start;}:where(.kb-row-layout-id396_1899dd-e6 > .kt-row-column-wrap) > .wp-block-kadence-column{justify-content:start;}.kb-row-layout-id396_1899dd-e6 > .kt-row-column-wrap{column-gap:var(--global-kb-gap-md, 2rem);row-gap:var(--global-kb-gap-md, 2rem);max-width:var( --global-content-width, 1290px );padding-left:var(--global-content-edge-padding);padding-right:var(--global-content-edge-padding);padding-top:var(--global-kb-spacing-sm, 1.5rem);padding-bottom:var(--global-kb-spacing-sm, 1.5rem);grid-template-columns:minmax(0, 1fr);}.kb-row-layout-id396_1899dd-e6 > .kt-row-layout-overlay{opacity:0.30;}@media all and (max-width: 1024px){.kb-row-layout-id396_1899dd-e6 > .kt-row-column-wrap{grid-template-columns:minmax(0, 1fr);}}@media all and (max-width: 767px){.kb-row-layout-id396_1899dd-e6 > .kt-row-column-wrap{grid-template-columns:minmax(0, 1fr);}}<\/style><div class=\"kb-row-layout-wrap kb-row-layout-id396_1899dd-e6 alignnone wp-block-kadence-rowlayout\"><div class=\"kt-row-column-wrap kt-has-1-columns kt-row-layout-equal kt-tab-layout-inherit kt-mobile-layout-row kt-row-valign-top kb-theme-content-width\">\n<style>.kadence-column396_678df1-b8 > .kt-inside-inner-col,.kadence-column396_678df1-b8 > .kt-inside-inner-col:before{border-top-left-radius:0px;border-top-right-radius:0px;border-bottom-right-radius:0px;border-bottom-left-radius:0px;}.kadence-column396_678df1-b8 > .kt-inside-inner-col{column-gap:var(--global-kb-gap-sm, 1rem);}.kadence-column396_678df1-b8 > .kt-inside-inner-col{flex-direction:column;}.kadence-column396_678df1-b8 > .kt-inside-inner-col > .aligncenter{width:100%;}.kadence-column396_678df1-b8 > .kt-inside-inner-col:before{opacity:0.3;}.kadence-column396_678df1-b8{position:relative;}@media all and (max-width: 1024px){.kadence-column396_678df1-b8 > .kt-inside-inner-col{flex-direction:column;justify-content:center;}}@media all and (max-width: 767px){.kadence-column396_678df1-b8 > .kt-inside-inner-col{flex-direction:column;justify-content:center;}}<\/style>\n<div class=\"wp-block-kadence-column kadence-column396_678df1-b8\"><div class=\"kt-inside-inner-col\"><style>.wp-block-kadence-advancedheading.kt-adv-heading396_37ba6c-f5, .wp-block-kadence-advancedheading.kt-adv-heading396_37ba6c-f5[data-kb-block=\"kb-adv-heading396_37ba6c-f5\"]{font-style:normal;}.wp-block-kadence-advancedheading.kt-adv-heading396_37ba6c-f5 mark.kt-highlight, .wp-block-kadence-advancedheading.kt-adv-heading396_37ba6c-f5[data-kb-block=\"kb-adv-heading396_37ba6c-f5\"] mark.kt-highlight{font-style:normal;color:#f76a0c;-webkit-box-decoration-break:clone;box-decoration-break:clone;padding-top:0px;padding-right:0px;padding-bottom:0px;padding-left:0px;}.wp-block-kadence-advancedheading.kt-adv-heading396_37ba6c-f5 img.kb-inline-image, .wp-block-kadence-advancedheading.kt-adv-heading396_37ba6c-f5[data-kb-block=\"kb-adv-heading396_37ba6c-f5\"] img.kb-inline-image{width:150px;vertical-align:baseline;}<\/style>\n<div class=\"kt-adv-heading396_37ba6c-f5 wp-block-kadence-advancedheading\" data-kb-block=\"kb-adv-heading396_37ba6c-f5\"><strong>UCHOVN\u011aN\u00cd PSA &#8211; FENY<\/strong><br>Pokud m\u00e1 V\u00e1\u0161 pes \u010di fena spln\u011bny podm\u00ednky chovnosti a m\u00e1te z\u00e1jem jej pou\u017e\u00edt k reprodukci, za\u0161lete po\u0161tou \u017e\u00e1dost p\u0159\u00edslu\u0161n\u00e9mu poradci chovu s n\u00e1sleduj\u00edc\u00edmi doklady:<br><strong>PO\u0160TOU:<\/strong><br>origin\u00e1l <strong>PP<\/strong>,<br>origin\u00e1ln\u00ed <strong>posudky z v\u00fdstav<\/strong>,<br>origin\u00e1ly <strong>soudcovsk\u00fdch tabulek ze zkou\u0161ek<\/strong>,<br>origin\u00e1ly <strong>protokol\u016f o absolvov\u00e1n\u00ed zdravotn\u00edch test\u016f<\/strong>,<br><strong>adresu majitele<\/strong> chovn\u00e9ho jedince + kontakty, kter\u00e9 si p\u0159ejete zve\u0159ejnit na klubov\u00e9m webu a klubov\u00fdch tiskovin\u00e1ch (<strong>e-mail, webov\u00e9 str\u00e1nky, telefon<\/strong>).<br><strong>ELEKTRONICKY:<\/strong><br><strong>1x fotografie<\/strong> jedince ve v\u00fdstavn\u00edm postoji, v elektronick\u00e9 podob\u011b, zaslan\u00e1 <strong>e-mailem<\/strong> na adresu p\u0159\u00edslu\u0161n\u00e9ho poradce chovu.<br><strong>Bez v\u0161ech shora uveden\u00fdch n\u00e1le\u017eitost\u00ed nebude \u017e\u00e1dost o uchovn\u011bn\u00ed vy\u0159\u00edzena a nekompletn\u00ed materi\u00e1ly budou zasl\u00e1ny zp\u011bt!<\/strong><br><br><strong>Upozorn\u011bn\u00ed PK \u010cMKU:<\/strong><br>Na z\u00e1klad\u011b rozhodnut\u00ed <strong>Plemenn\u00e9 knihy \u010cMKU<\/strong> s platnost\u00ed od <strong>17. 03. 2011<\/strong> mus\u00ed b\u00fdt v origin\u00e1lu <strong>PP chovn\u00e9ho psa \u010di feny<\/strong> zaznamen\u00e1ny ve\u0161ker\u00e9 v\u00fdsledky, kter\u00e9 jsou pot\u0159ebn\u00e9 pro jeho uchovn\u011bn\u00ed.<br><strong>Registrace chovn\u00e9ho jedince<\/strong> na PK \u010cMKU se prov\u00e1d\u00ed ide\u00e1ln\u011b <strong>ihned po uchovn\u011bn\u00ed<\/strong>.<br><strong>U fen<\/strong> nejpozd\u011bji s jej\u00edm prvn\u00edm vrhem.<br><strong>U ps\u016f<\/strong> nejpozd\u011bji p\u0159ed jeho prvn\u00edm kryt\u00edm.<br>Sv\u00e9ho jedince zaregistrujete tak, \u017ee na adresu:<br>\ud83d\udccd <strong>\u010cMKJ, Le\u0161ansk\u00e1 1176\/2a, 141 00 Praha 4 Chodov<\/strong>,<br>za\u0161lete:<br><strong>origin\u00e1l PP<\/strong>,<br><strong>kopie v\u0161ech ocen\u011bn\u00ed<\/strong>, v\u00fdsledk\u016f zkou\u0161ek i zdravotn\u00edch test\u016f,<br><strong>voln\u011b formulovanou \u017e\u00e1dost o registraci chovn\u00e9ho jedince<\/strong>.<br>Nezapome\u0148te <strong>v pr\u016fb\u011bhu \u017eivota<\/strong> chovn\u00e9ho jedince tato data <strong>aktualizovat<\/strong>, pokud m\u00e1te z\u00e1jem, aby jeho potomci m\u011bli v PP v\u0161echna jeho ocen\u011bn\u00ed!<\/div>\n\n\n<style>.wp-block-kadence-advancedheading.kt-adv-heading396_8c8522-0c, .wp-block-kadence-advancedheading.kt-adv-heading396_8c8522-0c[data-kb-block=\"kb-adv-heading396_8c8522-0c\"]{font-style:normal;}.wp-block-kadence-advancedheading.kt-adv-heading396_8c8522-0c mark.kt-highlight, .wp-block-kadence-advancedheading.kt-adv-heading396_8c8522-0c[data-kb-block=\"kb-adv-heading396_8c8522-0c\"] mark.kt-highlight{font-style:normal;color:#f76a0c;-webkit-box-decoration-break:clone;box-decoration-break:clone;padding-top:0px;padding-right:0px;padding-bottom:0px;padding-left:0px;}.wp-block-kadence-advancedheading.kt-adv-heading396_8c8522-0c img.kb-inline-image, .wp-block-kadence-advancedheading.kt-adv-heading396_8c8522-0c[data-kb-block=\"kb-adv-heading396_8c8522-0c\"] img.kb-inline-image{width:150px;vertical-align:baseline;}<\/style>\n<h6 class=\"kt-adv-heading396_8c8522-0c wp-block-kadence-advancedheading\" data-kb-block=\"kb-adv-heading396_8c8522-0c\">Pl\u00c1N V\u00fdstav a zkou\u0161ek pro rok 2026<\/h6>\n\n\n<style>.kb-image396_92628e-db .kb-image-has-overlay:after{opacity:0.3;}<\/style>\n<figure class=\"wp-block-kadence-image kb-image396_92628e-db size-large\"><img loading=\"lazy\" decoding=\"async\" width=\"791\" height=\"1024\" src=\"https:\/\/slidici.cz\/wp-content\/uploads\/2026\/01\/plan-zkousek-26-791x1024.jpg\" alt=\"\" class=\"kb-img wp-image-452\" srcset=\"https:\/\/slidici.cz\/wp-content\/uploads\/2026\/01\/plan-zkousek-26-791x1024.jpg 791w, https:\/\/slidici.cz\/wp-content\/uploads\/2026\/01\/plan-zkousek-26-232x300.jpg 232w, https:\/\/slidici.cz\/wp-content\/uploads\/2026\/01\/plan-zkousek-26-768x994.jpg 768w, https:\/\/slidici.cz\/wp-content\/uploads\/2026\/01\/plan-zkousek-26-1187x1536.jpg 1187w, https:\/\/slidici.cz\/wp-content\/uploads\/2026\/01\/plan-zkousek-26.jpg 1582w\" sizes=\"auto, (max-width: 791px) 100vw, 791px\" \/><\/figure>\n\n\n\n<p><img loading=\"lazy\" decoding=\"async\" height=\"16\" width=\"16\" alt=\"\ud83d\udd39\" src=\"https:\/\/static.xx.fbcdn.net\/images\/emoji.php\/v9\/tf3\/1\/16\/1f539.png\"> 9. 5. 2026 \u2013 Klubov\u00e1 v\u00fdstava bez KV | Ralsko<\/p>\n\n\n\n<p><img loading=\"lazy\" decoding=\"async\" height=\"16\" width=\"16\" alt=\"\ud83d\udd39\" src=\"https:\/\/static.xx.fbcdn.net\/images\/emoji.php\/v9\/tf3\/1\/16\/1f539.png\"> 4. 7. 2026 \u2013 Klubov\u00e1 v\u00fdstava s KV | Krom\u011b\u0159\u00ed\u017e<\/p>\n\n\n\n<p><img loading=\"lazy\" decoding=\"async\" height=\"16\" width=\"16\" alt=\"\ud83d\udd39\" src=\"https:\/\/static.xx.fbcdn.net\/images\/emoji.php\/v9\/tf3\/1\/16\/1f539.png\"> 26. 9. 2026 \u2013 Speci\u00e1ln\u00ed + Klubov\u00e1 v\u00fdstava bez KV pro AC a ASS | Kol\u00edn<\/p>\n<\/div><\/div>\n\n<\/div><\/div>","protected":false},"excerpt":{"rendered":"<p>Chov UCHOVN\u011aN\u00cd PSA &#8211; FENYPokud m\u00e1 V\u00e1\u0161 pes \u010di fena spln\u011bny podm\u00ednky chovnosti a m\u00e1te z\u00e1jem jej pou\u017e\u00edt k reprodukci, za\u0161lete po\u0161tou \u017e\u00e1dost p\u0159\u00edslu\u0161n\u00e9mu poradci chovu s n\u00e1sleduj\u00edc\u00edmi doklady:PO\u0160TOU:origin\u00e1l PP,origin\u00e1ln\u00ed posudky z v\u00fdstav,origin\u00e1ly soudcovsk\u00fdch tabulek ze zkou\u0161ek,origin\u00e1ly protokol\u016f o absolvov\u00e1n\u00ed zdravotn\u00edch test\u016f,adresu majitele chovn\u00e9ho jedince + kontakty, kter\u00e9 si p\u0159ejete zve\u0159ejnit na klubov\u00e9m webu a&#8230;<\/p>\n","protected":false},"author":1,"featured_media":0,"parent":0,"menu_order":0,"comment_status":"closed","ping_status":"closed","template":"","meta":{"_kadence_starter_templates_imported_post":false,"_kad_post_transparent":"","_kad_post_title":"","_kad_post_layout":"","_kad_post_sidebar_id":"","_kad_post_content_style":"","_kad_post_vertical_padding":"","_kad_post_feature":"","_kad_post_feature_position":"","_kad_post_header":false,"_kad_post_footer":false,"_kad_post_classname":"","footnotes":""},"class_list":["post-396","page","type-page","status-publish","hentry"],"_links":{"self":[{"href":"https:\/\/slidici.cz\/index.php\/wp-json\/wp\/v2\/pages\/396","targetHints":{"allow":["GET"]}}],"collection":[{"href":"https:\/\/slidici.cz\/index.php\/wp-json\/wp\/v2\/pages"}],"about":[{"href":"https:\/\/slidici.cz\/index.php\/wp-json\/wp\/v2\/types\/page"}],"author":[{"embeddable":true,"href":"https:\/\/slidici.cz\/index.php\/wp-json\/wp\/v2\/users\/1"}],"replies":[{"embeddable":true,"href":"https:\/\/slidici.cz\/index.php\/wp-json\/wp\/v2\/comments?post=396"}],"version-history":[{"count":18,"href":"https:\/\/slidici.cz\/index.php\/wp-json\/wp\/v2\/pages\/396\/revisions"}],"predecessor-version":[{"id":454,"href":"https:\/\/slidici.cz\/index.php\/wp-json\/wp\/v2\/pages\/396\/revisions\/454"}],"wp:attachment":[{"href":"https:\/\/slidici.cz\/index.php\/wp-json\/wp\/v2\/media?parent=396"}],"curies":[{"name":"wp","href":"https:\/\/api.w.org\/{rel}","templated":true}]}}